{"id":18931,"date":"2023-02-15T12:35:10","date_gmt":"2023-02-15T11:35:10","guid":{"rendered":"https:\/\/tuvinogourmet.es\/tienda\/orange-wine-box-of-6-bottles\/"},"modified":"2023-02-15T12:35:10","modified_gmt":"2023-02-15T11:35:10","slug":"orange-wine-box-of-6-bottles","status":"publish","type":"product","link":"https:\/\/tuvinogourmet.es\/en\/producto\/orange-wine-box-of-6-bottles\/","title":{"rendered":"Orange Wine. Box of 6 bottles"},"content":{"rendered":"<p><strong>Viticulture <\/strong><\/p>\n<p>Air\u00e9n grape variety, from 2 production vineyards in Valdepe\u00f1as and the region, at an altitude of 780 and 820 meters, with approximate ages of 75 and 83 years. The grapes are selected by hand, discarding clusters that are not 100% healthy.<\/p>\n<p><strong>Vinification:<\/strong><\/p>\n<p>Cold maceration, spontaneous fermentation in contact with the skins in a clay egg and stainless steel tank. They remain 99 days in contact with the skins at low temperature. It is then devatted, pressed and remains in clay eggs for 5 months.<\/p>\n<p><strong>Aging<\/strong>: 5 months in 1000 liter barrel eggs.<\/p>\n<p><strong>Stabilization<\/strong>: tartaric by manual decanting. Unfiltered.<\/p>\n<p><strong>Tasting Notes:<\/strong><\/p>\n<p><strong>Color<\/strong>: old gold with orange highlights, slightly cloudy, bright and unctuous<\/p>\n<p><strong>Nose<\/strong>: medium aromatic intensity and evolution in the glass. Complex and well defined. Aromas de piel de naranja seca, manzanilla, flor de jazm\u00edn seca, fruta de hueso, hinojo, brezo, notas herb\u00e1ceas y car\u00e1cter calizo. Notes of ginger and white pepper are constant throughout the olfactory cycle.<\/p>\n<p><strong>Palate<\/strong>: persuasive, generous and ample from the beginning. Ripe and creamy tannins, slow and voluminous. Aromas of fennel, lemon verbena, peach, candied orange, fig leaf and, with time, subtle notes of puff pastry and fine lees.<\/p>\n<p><strong>Serving<\/strong> temperature: between 10 and 14\u00baC<\/p>\n<p><strong>Alcohol content:<\/strong> 12.5%.<\/p>\n<p><strong>Pairing<\/strong>: intense risottos, fish stews, legumes, blue and oily fish. Suitable for medium cured white and red meats, cheeses and pastas.<\/p>\n<p>Serve in a large Bordeaux or Burgundy type wine glass.<\/p>\n<p>&nbsp;<\/p>\n","protected":false},"excerpt":{"rendered":"<p>Orange Wine, white macerated in skins.<\/p>\n<p>Variety: 100% Air\u00e9n. Winery: Pies Viejos Parajes y Vi\u00f1edos<\/p>\n<p>D.O: I.G.P. Wine of Tierra de Castilla<\/p>\n<p>Ecological and respectful viticulture.<\/p>\n<p>Aged 2021. Production: 2314 bottles<\/p>\n<p>Box of 6 bottles<\/p>\n","protected":false},"featured_media":18868,"template":"","meta":{"rank_math_title":"","rank_math_description":"","rank_math_canonical_url":"","rank_math_focus_keyword":""},"pwb-brand":[1025],"product_brand":[],"product_cat":[1051,1054,1053],"product_tag":[1056,1059,1060],"class_list":{"0":"post-18931","1":"product","2":"type-product","3":"status-publish","4":"has-post-thumbnail","6":"pwb-brand-pies_viejos_parajes_y_vinedos","7":"product_cat-bodega-en","8":"product_cat-other-designations","9":"product_cat-wines","10":"product_tag-airen-en","11":"product_tag-bodegas-en","12":"product_tag-orange-wine-en","14":"first","15":"instock","16":"sale","17":"taxable","18":"shipping-taxable","19":"purchasable","20":"product-type-simple"},"brands":[{"id":1025,"name":"Pies Viejos Parajes y Vi\u00f1edos","slug":"pies_viejos_parajes_y_vinedos"}],"_links":{"self":[{"href":"https:\/\/tuvinogourmet.es\/en\/wp-json\/wp\/v2\/product\/18931","targetHints":{"allow":["GET"]}}],"collection":[{"href":"https:\/\/tuvinogourmet.es\/en\/wp-json\/wp\/v2\/product"}],"about":[{"href":"https:\/\/tuvinogourmet.es\/en\/wp-json\/wp\/v2\/types\/product"}],"version-history":[{"count":0,"href":"https:\/\/tuvinogourmet.es\/en\/wp-json\/wp\/v2\/product\/18931\/revisions"}],"wp:featuredmedia":[{"embeddable":true,"href":"https:\/\/tuvinogourmet.es\/en\/wp-json\/wp\/v2\/media\/18868"}],"wp:attachment":[{"href":"https:\/\/tuvinogourmet.es\/en\/wp-json\/wp\/v2\/media?parent=18931"}],"wp:term":[{"taxonomy":"pwb-brand","embeddable":true,"href":"https:\/\/tuvinogourmet.es\/en\/wp-json\/wp\/v2\/pwb-brand?post=18931"},{"taxonomy":"product_brand","embeddable":true,"href":"https:\/\/tuvinogourmet.es\/en\/wp-json\/wp\/v2\/product_brand?post=18931"},{"taxonomy":"product_cat","embeddable":true,"href":"https:\/\/tuvinogourmet.es\/en\/wp-json\/wp\/v2\/product_cat?post=18931"},{"taxonomy":"product_tag","embeddable":true,"href":"https:\/\/tuvinogourmet.es\/en\/wp-json\/wp\/v2\/product_tag?post=18931"}],"curies":[{"name":"wp","href":"https:\/\/api.w.org\/{rel}","templated":true}]}}