{"id":18934,"date":"2023-02-15T17:53:26","date_gmt":"2023-02-15T16:53:26","guid":{"rendered":"https:\/\/tuvinogourmet.es\/tienda\/alberchon-box-of-6-bottles\/"},"modified":"2023-02-15T17:53:26","modified_gmt":"2023-02-15T16:53:26","slug":"alberchon-box-of-6-bottles","status":"publish","type":"product","link":"https:\/\/tuvinogourmet.es\/en\/producto\/alberchon-box-of-6-bottles\/","title":{"rendered":"Alberch\u00f3n- box of 6 bottles"},"content":{"rendered":"<p>Elaborado con uvas procedentes de vi\u00f1edos viejos de garnacha de monta\u00f1a en el valle del Alberche, con una altitud de entre 800 y 1020metros y una edad de las vi\u00f1as de entre 50 y 80 a\u00f1os.<\/p>\n<p><strong>Winemaking<\/strong>: The grapes, upon arrival at the winery, are re-fermented at 0\u00ba for at least 24 hours and then vatted in concrete tanks, once destemmed, it carries out fermentation spontaneously with its indigenous yeasts. Subsequently, after malolactic fermentation, the wine undergoes a period of aging.<\/p>\n<p><strong>Aging<\/strong>: 8 months in European foudre<\/p>\n<p><strong>Stabilization<\/strong>: Tartaric by natural decantation. Lightly filtered and sulfited.<\/p>\n<p><strong>Tasting Note:<\/strong><\/p>\n<p><strong>Color<\/strong>: ruby, medium-low layer, bright and clear.<\/p>\n<p><strong>Nose<\/strong>: Medium-high aromatic intensity. It presents aromas of wild red fruits such as redcurrant and raspberry. Very energetic floral and mineral notes. Exotically spicy and well defined.<\/p>\n<p><strong>Palate<\/strong>: vibrant wine, with great freshness. The fresh red fruit and floral aromas make it tremendously pleasant on the palate. Its tannins and acidity give it a medium-high body that gives it personality and character. Long, fresh and very floral finish.<\/p>\n<p><strong>Maridaje:<\/strong> Arroz con setas, guisos de carne, cerdo ib\u00e9rico, legumbres, calderetas de caza, pat\u00e9s, quesos curados<\/p>\n<p>Consume between 12 and 13\u00baC in a Bordeaux type crystal glass.<\/p>\n<p>Graduation 14.50%.<\/p>\n<p>&nbsp;<\/p>\n","protected":false},"excerpt":{"rendered":"<p>A wine that arouses emotions<\/p>\n<p>100% handcrafted, 100% Garnacha with 8 months of aging in European oak barrels.<\/p>\n<p>D.O.P. Cebreros<\/p>\n<p>Bodega: Pies Viejos Parajes y Vi\u00f1edos<\/p>\n<p>Limited production of 3946 bottles<\/p>\n","protected":false},"featured_media":18876,"template":"","meta":{"rank_math_title":"","rank_math_description":"","rank_math_canonical_url":"","rank_math_focus_keyword":""},"pwb-brand":[1025],"product_brand":[],"product_cat":[1051,1054,1053],"product_tag":[1055,1066,1065],"class_list":{"0":"post-18934","1":"product","2":"type-product","3":"status-publish","4":"has-post-thumbnail","6":"pwb-brand-pies_viejos_parajes_y_vinedos","7":"product_cat-bodega-en","8":"product_cat-other-designations","9":"product_cat-wines","10":"product_tag-garnacha-en","11":"product_tag-old-feet","12":"product_tag-red-wine","14":"first","15":"instock","16":"sale","17":"taxable","18":"shipping-taxable","19":"purchasable","20":"product-type-simple"},"brands":[{"id":1025,"name":"Pies Viejos Parajes y Vi\u00f1edos","slug":"pies_viejos_parajes_y_vinedos"}],"_links":{"self":[{"href":"https:\/\/tuvinogourmet.es\/en\/wp-json\/wp\/v2\/product\/18934","targetHints":{"allow":["GET"]}}],"collection":[{"href":"https:\/\/tuvinogourmet.es\/en\/wp-json\/wp\/v2\/product"}],"about":[{"href":"https:\/\/tuvinogourmet.es\/en\/wp-json\/wp\/v2\/types\/product"}],"version-history":[{"count":0,"href":"https:\/\/tuvinogourmet.es\/en\/wp-json\/wp\/v2\/product\/18934\/revisions"}],"wp:featuredmedia":[{"embeddable":true,"href":"https:\/\/tuvinogourmet.es\/en\/wp-json\/wp\/v2\/media\/18876"}],"wp:attachment":[{"href":"https:\/\/tuvinogourmet.es\/en\/wp-json\/wp\/v2\/media?parent=18934"}],"wp:term":[{"taxonomy":"pwb-brand","embeddable":true,"href":"https:\/\/tuvinogourmet.es\/en\/wp-json\/wp\/v2\/pwb-brand?post=18934"},{"taxonomy":"product_brand","embeddable":true,"href":"https:\/\/tuvinogourmet.es\/en\/wp-json\/wp\/v2\/product_brand?post=18934"},{"taxonomy":"product_cat","embeddable":true,"href":"https:\/\/tuvinogourmet.es\/en\/wp-json\/wp\/v2\/product_cat?post=18934"},{"taxonomy":"product_tag","embeddable":true,"href":"https:\/\/tuvinogourmet.es\/en\/wp-json\/wp\/v2\/product_tag?post=18934"}],"curies":[{"name":"wp","href":"https:\/\/api.w.org\/{rel}","templated":true}]}}