{"id":18963,"date":"2022-09-28T17:44:49","date_gmt":"2022-09-28T15:44:49","guid":{"rendered":"https:\/\/tuvinogourmet.es\/tienda\/nordes-gintonic-gift-set\/"},"modified":"2022-09-28T17:44:49","modified_gmt":"2022-09-28T15:44:49","slug":"gift-box-gintonic-nordes","status":"publish","type":"product","link":"https:\/\/tuvinogourmet.es\/en\/producto\/gift-box-gintonic-nordes\/","title":{"rendered":"Nord\u00e9s Gin&amp;Tonic gift set"},"content":{"rendered":"<p>Nord\u00e9s, the premium gin that pays homage to its Galician origin, sublimates every moment with its unique flavour. A distillate made from the Galician white grape Albari\u00f1o and nuanced with 11 natural botanicals. Among these, 6 Galician wild botanicals &#8211; such as sage, lemon verbena, laurel, peppermint, eucalyptus and a marine plant, salicornia &#8211; give the product its particular fresh, aromatic and surprising character. It also incorporates juniper, cardamom, ginger, hibiscus and Ceylon black tea.<\/p>\n","protected":false},"excerpt":{"rendered":"<p>Enjoy the Nord\u00e9s gin &amp; tonic gift box, perfect as a present, to treat yourself and enjoy. Includes a Nord\u00e9s 70cl bottle, 2 Nord\u00e9s glasses, a ceramic measuring cup and a stirring spoon.<\/p>\n<p>Denominaci\u00f3n: Gin<\/p>\n<p>Format: 70 cl bottle<\/p>\n<p>Tasting notes: fresh and fruity notes, with hints of laurel and juniper aftertaste.<\/p>\n<p>Alcohol content: 40\u00ba.<\/p>\n","protected":false},"featured_media":18823,"template":"","meta":{"rank_math_title":"","rank_math_description":"","rank_math_canonical_url":"","rank_math_focus_keyword":""},"pwb-brand":[408],"product_brand":[],"product_cat":[1049],"product_tag":[1164],"class_list":{"0":"post-18963","1":"product","2":"type-product","3":"status-publish","4":"has-post-thumbnail","6":"pwb-brand-osborne","7":"product_cat-gifts","8":"product_tag-osborne-en","10":"first","11":"outofstock","12":"taxable","13":"shipping-taxable","14":"purchasable","15":"product-type-simple"},"brands":[{"id":408,"name":"Osborne","slug":"osborne"}],"_links":{"self":[{"href":"https:\/\/tuvinogourmet.es\/en\/wp-json\/wp\/v2\/product\/18963","targetHints":{"allow":["GET"]}}],"collection":[{"href":"https:\/\/tuvinogourmet.es\/en\/wp-json\/wp\/v2\/product"}],"about":[{"href":"https:\/\/tuvinogourmet.es\/en\/wp-json\/wp\/v2\/types\/product"}],"version-history":[{"count":0,"href":"https:\/\/tuvinogourmet.es\/en\/wp-json\/wp\/v2\/product\/18963\/revisions"}],"wp:featuredmedia":[{"embeddable":true,"href":"https:\/\/tuvinogourmet.es\/en\/wp-json\/wp\/v2\/media\/18823"}],"wp:attachment":[{"href":"https:\/\/tuvinogourmet.es\/en\/wp-json\/wp\/v2\/media?parent=18963"}],"wp:term":[{"taxonomy":"pwb-brand","embeddable":true,"href":"https:\/\/tuvinogourmet.es\/en\/wp-json\/wp\/v2\/pwb-brand?post=18963"},{"taxonomy":"product_brand","embeddable":true,"href":"https:\/\/tuvinogourmet.es\/en\/wp-json\/wp\/v2\/product_brand?post=18963"},{"taxonomy":"product_cat","embeddable":true,"href":"https:\/\/tuvinogourmet.es\/en\/wp-json\/wp\/v2\/product_cat?post=18963"},{"taxonomy":"product_tag","embeddable":true,"href":"https:\/\/tuvinogourmet.es\/en\/wp-json\/wp\/v2\/product_tag?post=18963"}],"curies":[{"name":"wp","href":"https:\/\/api.w.org\/{rel}","templated":true}]}}