{"id":19004,"date":"2021-12-21T14:18:46","date_gmt":"2021-12-21T13:18:46","guid":{"rendered":"https:\/\/tuvinogourmet.es\/tienda\/salchichon-with-truffle-box-of-10-pieces\/"},"modified":"2021-12-21T14:18:46","modified_gmt":"2021-12-21T13:18:46","slug":"salchichon-con-trufa-caja-de-10-unidades","status":"publish","type":"product","link":"https:\/\/tuvinogourmet.es\/en\/producto\/salchichon-con-trufa-caja-de-10-unidades\/","title":{"rendered":"Salchich\u00f3n with Truffle (box of 10 pieces)"},"content":{"rendered":"<h2><strong>SALCHICH\u00d3N WITH BLACK TRUFFLE<\/strong><\/h2>\n<p><b>Extra salchich\u00f3n with 100% Black Truffle<\/b> -Tuber melanosporum-. Special Trufar Selecci\u00f3n salami, manufactured by Industrias C\u00e1rnicas Santa Elena in Teruel. <b>Premium<\/b> recipe made with black truffle from Teruel. Truffle Embutido Peso 220g.<\/p>\n<p>Vacuum packed and packaged. Ideal with wine, cheese to enjoy with friends and family. Salchich\u00f3n with a deep black truffle flavour. Salchich\u00f3n made with black truffle from Teruel, Aragon.<\/p>\n<p>It is <b>dried<\/b> in a completely <b>natural<\/b> way in the exceptional climate of the high and cold lands of Calamocha, Teruel.<\/p>\n<h3><strong>Recommendations<\/strong><\/h3>\n<p>Open 2 hours before consumption. Intended for use by the general public, except those allergic or lactose intolerant. We recommend accompanying the chorizo with<br \/>\ntruffle and chips with black truffle.<\/p>\n<h3><strong>Ingredients<\/strong><\/h3>\n<p>Lean pork and pork belly, black truffle (Tuber melanosporum), salt, spices and natural casing.<\/p>\n<p><img fetchpriority=\"high\" decoding=\"async\" class=\"size-medium wp-image-2459\" src=\"https:\/\/www.trufar.com\/wp-content\/uploads\/2021\/10\/Trufar_salchichon-300x300.jpg\" alt=\"salchich\u00f3n with black truffle\" width=\"300\" height=\"300\"><\/p>\n","protected":false},"excerpt":{"rendered":"<p><b>Extra salami with 100% black truffle<\/b> -Tuber melanosporum-. Special Trufar Selecci\u00f3n Salchich\u00f3n, manufactured by Industrias C\u00e1rnicas Santa Elena in Teruel. <b>Premium<\/b> recipe made with black truffle from Teruel. Truffle Embutido. Weight 220g.<\/p>\n<p>Vacuum packed and packaged. Ideal with wine, cheese to enjoy with friends and family. Salchich\u00f3n with a deep black truffle flavour. Salchich\u00f3n made with black truffle from Teruel, Aragon.<\/p>\n<p>&nbsp;<\/p>\n","protected":false},"featured_media":18678,"template":"","meta":{"rank_math_title":"","rank_math_description":"","rank_math_canonical_url":"","rank_math_focus_keyword":""},"pwb-brand":[861],"product_brand":[],"product_cat":[1099],"product_tag":[1214],"class_list":{"0":"post-19004","1":"product","2":"type-product","3":"status-publish","4":"has-post-thumbnail","6":"pwb-brand-trufar-seleccion","7":"product_cat-truffle-and-truffle-products","8":"product_tag-truffle-en","10":"first","11":"instock","12":"taxable","13":"shipping-taxable","14":"purchasable","15":"product-type-simple"},"brands":[{"id":861,"name":"Trufar Selecci\u00f3n","slug":"trufar-seleccion"}],"_links":{"self":[{"href":"https:\/\/tuvinogourmet.es\/en\/wp-json\/wp\/v2\/product\/19004","targetHints":{"allow":["GET"]}}],"collection":[{"href":"https:\/\/tuvinogourmet.es\/en\/wp-json\/wp\/v2\/product"}],"about":[{"href":"https:\/\/tuvinogourmet.es\/en\/wp-json\/wp\/v2\/types\/product"}],"version-history":[{"count":0,"href":"https:\/\/tuvinogourmet.es\/en\/wp-json\/wp\/v2\/product\/19004\/revisions"}],"wp:featuredmedia":[{"embeddable":true,"href":"https:\/\/tuvinogourmet.es\/en\/wp-json\/wp\/v2\/media\/18678"}],"wp:attachment":[{"href":"https:\/\/tuvinogourmet.es\/en\/wp-json\/wp\/v2\/media?parent=19004"}],"wp:term":[{"taxonomy":"pwb-brand","embeddable":true,"href":"https:\/\/tuvinogourmet.es\/en\/wp-json\/wp\/v2\/pwb-brand?post=19004"},{"taxonomy":"product_brand","embeddable":true,"href":"https:\/\/tuvinogourmet.es\/en\/wp-json\/wp\/v2\/product_brand?post=19004"},{"taxonomy":"product_cat","embeddable":true,"href":"https:\/\/tuvinogourmet.es\/en\/wp-json\/wp\/v2\/product_cat?post=19004"},{"taxonomy":"product_tag","embeddable":true,"href":"https:\/\/tuvinogourmet.es\/en\/wp-json\/wp\/v2\/product_tag?post=19004"}],"curies":[{"name":"wp","href":"https:\/\/api.w.org\/{rel}","templated":true}]}}