{"id":19172,"date":"2021-06-15T13:20:19","date_gmt":"2021-06-15T11:20:19","guid":{"rendered":"https:\/\/tuvinogourmet.es\/tienda\/el-linze-tinto-velasco-syrah-2021-best-wine-of-spain-2022-box-6-ud\/"},"modified":"2021-06-15T13:20:19","modified_gmt":"2021-06-15T11:20:19","slug":"el-linze-tinto-velasco-syrah-2021-caja-6-ud","status":"publish","type":"product","link":"https:\/\/tuvinogourmet.es\/en\/producto\/el-linze-tinto-velasco-syrah-2021-caja-6-ud\/","title":{"rendered":"El Linze. Tinto Velasco-Syrah 2021 | Best Wine of Spain 2022 | BOX 6 UD"},"content":{"rendered":"<p>VINEYARDS<\/p>\n<p>VARIETY<br \/>\n65% Tinto Velasco 35% Syrah.<br \/>\nTinto Velasco, pre-phylloxera vines 140 years old in low vines (1.100 Kg\/Ha.)<br \/>\nSyrah, trellised vines (7.200 Kg\/Ha.) over 30 years old.<\/p>\n<p>CATEGORY<br \/>\nTierra de Castilla wines.<br \/>\nOrganic wine, certified by Sohiscert (SHC).<\/p>\n<p>WINEMAKING<\/p>\n<p>ELABORATION<br \/>\nHarvested by hand. Maceration before fermentation at 14\u00baC for 36 hours. Fermentation in earthenware jars for 20 days with the skins. Malolactic fermentation in French oak barrels.<\/p>\n<p>REST<br \/>\n12 months in new French oak barrels (Adour, Taransaud, Radoux and Ana).<\/p>\n<p>ANALYTICS<br \/>\nAlcohol content 14,25% Vol.<br \/>\nAcidity 5,15g\/l (Th2)<\/p>\n<p>PRODUCTION<br \/>\n8,297 bottles in 75 cl, 145 bottles in 1.5 litres and 49 bottles in 3 litres.<\/p>\n<p>SOMMELIER&#8217;S NOTES<br \/>\nTASTING<br \/>\nBeautiful and dense intense cherry red colour with violet tones. The nose is very complex and persistent, highlighting the ripeness of the grape with aromas of black fruit (blueberries and plums), toasted, roasted coffee, mineral background (peat and charcoal), spicy (some vanilla and pepper), red caramel, wood and aromatic herbs (thyme and sandalwood), liquorice. In the mouth it is ample, powerful, full-bodied, smooth, but with perfectly integrated tannins.<br \/>\nSensations of fresh and stewed fruit, cocoa, menthol, aromatic herbs. Full and persistent.<br \/>\nIt responds to the characteristics of a great vintage: complexity, structure, intensity and elegance.<\/p>\n<p>SERVICE<br \/>\nUncork and decant one hour before serving at 16\u00baC.<\/p>\n<p>PAIRING<br \/>\nTo be enjoyed with rice with vegetables, grilled meats, game (especially rabbit, pheasant and partridge), baked cod and other low-fat fish.<\/p>\n<p>SPECIALISED PRESS<br \/>\n&#8211; Grandes Vinos de Espa\u00f1a: &#8220;An excellent, modern and very attractive wine&#8221;. 93\/100<br \/>\n&#8211; The Wine Advocate (March 2009): Vintage 2007, 90 points ROBERT PARKER. Vintage 2006, 92 points ROBERT PARKER.<br \/>\n&#8211; Asociaci\u00f3n de periodistas del vino de Espa\u00f1a: Best Wine of Spain 2009, red category 2007-2008, vintage 2007. Best Wine of Spain 2010, red category 2007-2008, vintage 2008.<br \/>\n&#8211; Gilbert &amp; Gaillard, Gold medal: &#8220;Polished tannins, beautiful corpulence and present fruit&#8221;.<br \/>\n&#8211; 95 points Tasted by Andreas Larsson, World&#8217;s Best Sommelier 2007. Highest score for a Spanish wine, vintage 2022.<br \/>\n&#8211; Pe\u00f1\u00edn Guide 2022: 91 points.<\/p>\n","protected":false},"excerpt":{"rendered":"<p>The Linze is a blend with <strong>Syrah<\/strong>. 65% Tinto Velasco 35% Syrah is the composition of this 2021 vintage, with 12 months in <strong>oak<\/strong> barrels and <strong>organically produced.<\/strong><\/p>\n<p>Highest score for a Spanish wine. 95 points Tasted by Andreas Larsson, best sommelier in the world 2007.<\/p>\n<p>Wines of Tierra de Castilla. Organic wine, certified by Sohiscert (SHC).<\/p>\n<p><strong>AWARDS<\/strong>: 90 points Gilbert &amp; Gaillard, 91 points Gu\u00eda Pe\u00f1\u00edn 2022, 94,54 points Wine Up, N\u00ba1 Best in Class 2022, 95 points Andreas Larsson, Best wine of Spain vintage 2020 and Top 40 of the best in the world.<\/p>\n<p>Gilbert &amp; Gaillard, Gold medal: &#8220;Polished tannins, beautiful corpulence and present fruit&#8221;.<\/p>\n<p>&nbsp;<\/p>\n<p>BOX OF 6 BOTTLES<\/p>\n","protected":false},"featured_media":20672,"template":"","meta":{"rank_math_title":"","rank_math_description":"","rank_math_canonical_url":"","rank_math_focus_keyword":""},"pwb-brand":[542],"product_brand":[],"product_cat":[1051,1107,1054,1053],"product_tag":[1279,1193],"class_list":{"0":"post-19172","1":"product","2":"type-product","3":"status-publish","4":"has-post-thumbnail","6":"pwb-brand-seleccion-lucendo","7":"product_cat-bodega-en","8":"product_cat-organic-wines","9":"product_cat-other-designations","10":"product_cat-wines","11":"product_tag-highlights-august","12":"product_tag-lucendo-selection","14":"first","15":"onbackorder","16":"sale","17":"featured","18":"taxable","19":"shipping-taxable","20":"purchasable","21":"product-type-simple"},"brands":[{"id":542,"name":"Selecci\u00f3n Lucendo","slug":"seleccion-lucendo"}],"_links":{"self":[{"href":"https:\/\/tuvinogourmet.es\/en\/wp-json\/wp\/v2\/product\/19172","targetHints":{"allow":["GET"]}}],"collection":[{"href":"https:\/\/tuvinogourmet.es\/en\/wp-json\/wp\/v2\/product"}],"about":[{"href":"https:\/\/tuvinogourmet.es\/en\/wp-json\/wp\/v2\/types\/product"}],"version-history":[{"count":0,"href":"https:\/\/tuvinogourmet.es\/en\/wp-json\/wp\/v2\/product\/19172\/revisions"}],"wp:featuredmedia":[{"embeddable":true,"href":"https:\/\/tuvinogourmet.es\/en\/wp-json\/wp\/v2\/media\/20672"}],"wp:attachment":[{"href":"https:\/\/tuvinogourmet.es\/en\/wp-json\/wp\/v2\/media?parent=19172"}],"wp:term":[{"taxonomy":"pwb-brand","embeddable":true,"href":"https:\/\/tuvinogourmet.es\/en\/wp-json\/wp\/v2\/pwb-brand?post=19172"},{"taxonomy":"product_brand","embeddable":true,"href":"https:\/\/tuvinogourmet.es\/en\/wp-json\/wp\/v2\/product_brand?post=19172"},{"taxonomy":"product_cat","embeddable":true,"href":"https:\/\/tuvinogourmet.es\/en\/wp-json\/wp\/v2\/product_cat?post=19172"},{"taxonomy":"product_tag","embeddable":true,"href":"https:\/\/tuvinogourmet.es\/en\/wp-json\/wp\/v2\/product_tag?post=19172"}],"curies":[{"name":"wp","href":"https:\/\/api.w.org\/{rel}","templated":true}]}}