{"id":19335,"date":"2021-04-30T17:16:21","date_gmt":"2021-04-30T15:16:21","guid":{"rendered":"https:\/\/tuvinogourmet.es\/tienda\/salchichon-cinco-jotas-canister-1-kg\/"},"modified":"2021-04-30T17:16:21","modified_gmt":"2021-04-30T15:16:21","slug":"salchichon-cinco-jotas-canister-1-kg","status":"publish","type":"product","link":"https:\/\/tuvinogourmet.es\/en\/producto\/salchichon-cinco-jotas-canister-1-kg\/","title":{"rendered":"SALCHICH\u00d3N CINCO JOTAS. C\u00c1NISTER 1 KG."},"content":{"rendered":"<p>This delicious Cinco Jotas 100% Iberian acorn-fed salchich\u00f3n is made from lean meat and sirloin from the same ham profile. This follows the traditional method used in the Jabugo area, which also involves manual cutting by knife. The natural curing period of this piece is between 4 and 6 months. The unmistakable flavour of Cinco Jotas 100% Iberian acorn-fed salchich\u00f3n de bellota is achieved thanks to the combination of different spices, which are mixed with the meat and give it an exquisite aroma. Black pepper, white pepper, nutmeg and just the right touch of salt give Cinco Jotas salchich\u00f3n its authentic and unique flavour.<\/p>\n","protected":false},"excerpt":{"rendered":"<div class=\"product-brand\">\n<h4 class=\"product-brand-name\"><a href=\"https:\/\/www.osborne.es\/marca-cinco-jotas\">Cinco Jotas<\/a><\/h4>\n<\/div>\n<div class=\"product attribute overview\">\n<div class=\"value\">An exquisite 1 kg. piece of authentic Cinco Jotas 100% Iberian acorn-fed salami. Try this delicacy, perfect to enjoy at any time.<\/div>\n<\/div>\n","protected":false},"featured_media":17915,"template":"","meta":{"rank_math_title":"","rank_math_description":"","rank_math_canonical_url":"","rank_math_focus_keyword":""},"pwb-brand":[408],"product_brand":[],"product_cat":[1049],"product_tag":[1164],"class_list":{"0":"post-19335","1":"product","2":"type-product","3":"status-publish","4":"has-post-thumbnail","6":"pwb-brand-osborne","7":"product_cat-gifts","8":"product_tag-osborne-en","10":"first","11":"instock","12":"taxable","13":"shipping-taxable","14":"purchasable","15":"product-type-simple"},"brands":[{"id":408,"name":"Osborne","slug":"osborne"}],"_links":{"self":[{"href":"https:\/\/tuvinogourmet.es\/en\/wp-json\/wp\/v2\/product\/19335","targetHints":{"allow":["GET"]}}],"collection":[{"href":"https:\/\/tuvinogourmet.es\/en\/wp-json\/wp\/v2\/product"}],"about":[{"href":"https:\/\/tuvinogourmet.es\/en\/wp-json\/wp\/v2\/types\/product"}],"version-history":[{"count":0,"href":"https:\/\/tuvinogourmet.es\/en\/wp-json\/wp\/v2\/product\/19335\/revisions"}],"wp:featuredmedia":[{"embeddable":true,"href":"https:\/\/tuvinogourmet.es\/en\/wp-json\/wp\/v2\/media\/17915"}],"wp:attachment":[{"href":"https:\/\/tuvinogourmet.es\/en\/wp-json\/wp\/v2\/media?parent=19335"}],"wp:term":[{"taxonomy":"pwb-brand","embeddable":true,"href":"https:\/\/tuvinogourmet.es\/en\/wp-json\/wp\/v2\/pwb-brand?post=19335"},{"taxonomy":"product_brand","embeddable":true,"href":"https:\/\/tuvinogourmet.es\/en\/wp-json\/wp\/v2\/product_brand?post=19335"},{"taxonomy":"product_cat","embeddable":true,"href":"https:\/\/tuvinogourmet.es\/en\/wp-json\/wp\/v2\/product_cat?post=19335"},{"taxonomy":"product_tag","embeddable":true,"href":"https:\/\/tuvinogourmet.es\/en\/wp-json\/wp\/v2\/product_tag?post=19335"}],"curies":[{"name":"wp","href":"https:\/\/api.w.org\/{rel}","templated":true}]}}