{"id":19370,"date":"2021-04-12T09:50:45","date_gmt":"2021-04-12T07:50:45","guid":{"rendered":"https:\/\/tuvinogourmet.es\/tienda\/dos-clasicos-de-cinco-jotas-box-with-6-cases\/"},"modified":"2021-04-12T09:50:45","modified_gmt":"2021-04-12T07:50:45","slug":"dos-clasicos-de-cinco-jotas-pack-6-und","status":"publish","type":"product","link":"https:\/\/tuvinogourmet.es\/en\/producto\/dos-clasicos-de-cinco-jotas-pack-6-und\/","title":{"rendered":"DOS CLASICOS DE CINCO JOTAS | BOX WITH 6 CASES"},"content":{"rendered":"<h2 class=\"title_style_two gold\">Dos Cl\u00e1sicos de Cinco Jotas<\/h2>\n<div class=\"clearfix\"><\/div>\n<div class=\"description_style_one\">For lovers of authentic flavour, we present this pack containing 6 sliced packets of 100% Iberian Bellota Shoulder, 80 g and 6 sliced packets of 100% Iberian Acorn-Fed Ham, 80 g. The two perfect classics to savour the best of 100% Iberian acorn-fed ham.<\/div>\n<div><\/div>\n<div>\n<h3 class=\"title_style_one\">100% IBERIAN ACORN-FED ACORN-FED SHOULDER<\/h3>\n<h4 class=\"title_style_two\">A hand-cut classic<\/h4>\n<div class=\"clearfix\"><\/div>\n<hr class=\"hr_style_one\">\n<div class=\"clearfix\"><\/div>\n<p class=\"description_style_one\">This Ib\u00e9rico gift pack includes 6 packets of the exclusive Cinco Jotas Ib\u00e9rico Paleta Ib\u00e9rica. Its peculiar flavour, slightly sweeter than that of Iberian ham, will delight the most exclusive tables. Its vacuum-packed presentation, ready to taste, preserves its aroma and flavour intact.<\/p>\n<\/div>\n<p>&nbsp;<\/p>\n<h3 class=\"title_style_one\">GIVING EXCLUSIVITY AS A GIFT<\/h3>\n<h4 class=\"title_style_two\"><i>100% Iberian<\/i> acorn-fed acorn-fed ham<\/h4>\n<div class=\"clearfix\"><\/div>\n<hr class=\"hr_style_one\">\n<div class=\"clearfix\"><\/div>\n<p class=\"description_style_one\">The second pack includes 6 packets of 80 grams of 100% natural juiciness. Cinco Jotas Iberian ham, hand-cut and vacuum-packed, perfectly preserves its shine, its red colour and its marbled veins derived from the sumptuousness that makes up this luxury product. Undoubtedly an Iberian gift pack without equal.<\/p>\n","protected":false},"excerpt":{"rendered":"<p>THE BEST FLAVOUR OF THE TWO CINCO JOTAS CLASSICS, READY TO ENJOY.<\/p>\n<p>Pack containing 6 sliced packets of 100% Iberian Bellota Shoulder, 80 gr., and 6 sliced packets of 100% Iberian Acorn-fed Ham, 80 gr.<\/p>\n<p>&nbsp;<\/p>\n","protected":false},"featured_media":17703,"template":"","meta":{"rank_math_title":"","rank_math_description":"","rank_math_canonical_url":"","rank_math_focus_keyword":""},"pwb-brand":[408],"product_brand":[],"product_cat":[1049],"product_tag":[1164],"class_list":{"0":"post-19370","1":"product","2":"type-product","3":"status-publish","4":"has-post-thumbnail","6":"pwb-brand-osborne","7":"product_cat-gifts","8":"product_tag-osborne-en","10":"first","11":"instock","12":"taxable","13":"shipping-taxable","14":"purchasable","15":"product-type-simple"},"brands":[{"id":408,"name":"Osborne","slug":"osborne"}],"_links":{"self":[{"href":"https:\/\/tuvinogourmet.es\/en\/wp-json\/wp\/v2\/product\/19370","targetHints":{"allow":["GET"]}}],"collection":[{"href":"https:\/\/tuvinogourmet.es\/en\/wp-json\/wp\/v2\/product"}],"about":[{"href":"https:\/\/tuvinogourmet.es\/en\/wp-json\/wp\/v2\/types\/product"}],"version-history":[{"count":0,"href":"https:\/\/tuvinogourmet.es\/en\/wp-json\/wp\/v2\/product\/19370\/revisions"}],"wp:featuredmedia":[{"embeddable":true,"href":"https:\/\/tuvinogourmet.es\/en\/wp-json\/wp\/v2\/media\/17703"}],"wp:attachment":[{"href":"https:\/\/tuvinogourmet.es\/en\/wp-json\/wp\/v2\/media?parent=19370"}],"wp:term":[{"taxonomy":"pwb-brand","embeddable":true,"href":"https:\/\/tuvinogourmet.es\/en\/wp-json\/wp\/v2\/pwb-brand?post=19370"},{"taxonomy":"product_brand","embeddable":true,"href":"https:\/\/tuvinogourmet.es\/en\/wp-json\/wp\/v2\/product_brand?post=19370"},{"taxonomy":"product_cat","embeddable":true,"href":"https:\/\/tuvinogourmet.es\/en\/wp-json\/wp\/v2\/product_cat?post=19370"},{"taxonomy":"product_tag","embeddable":true,"href":"https:\/\/tuvinogourmet.es\/en\/wp-json\/wp\/v2\/product_tag?post=19370"}],"curies":[{"name":"wp","href":"https:\/\/api.w.org\/{rel}","templated":true}]}}