{"id":19374,"date":"2021-09-21T13:03:54","date_gmt":"2021-09-21T11:03:54","guid":{"rendered":"https:\/\/tuvinogourmet.es\/tienda\/selection-2-case-of-3-bottles-la-caprichosa-senorio-de-sarria-no5-y-lleiroso-reserva\/"},"modified":"2021-09-21T13:03:54","modified_gmt":"2021-09-21T11:03:54","slug":"seleccion-6-palacio-de-bornos-verdejo-senorio-de-sarria-rose-y-senorio-de-sarria-reserva-3-bot","status":"publish","type":"product","link":"https:\/\/tuvinogourmet.es\/en\/producto\/seleccion-6-palacio-de-bornos-verdejo-senorio-de-sarria-rose-y-senorio-de-sarria-reserva-3-bot\/","title":{"rendered":"Selection 2 &#8211; Case of 3 bottles (La Caprichosa, Se\u00f1or\u00edo de Sarr\u00eda N\u00ba5 y Lleiroso Reserva)"},"content":{"rendered":"<p>Three wines (red, white and ros\u00e9); three Denominations of Origin; we tell you which are their awards in this vintage.<\/p>\n<p>\u27a1Lleiroso Reserva D.O. Ribera del Duero 100% tempranillo. Current Vintage Awards:<br \/>\n\u25cf91 puntos Gu\u00eda Pe\u00f1\u00edn 2023<br \/>\n\u25cf Decanter Gold Medal 2022 &#8211; 95 points<br \/>\n\u25cf Gold Medal Mundus Vini 2022 &#8211; Best of Show Ribera del Duero Reserva<br \/>\n\u25cf 90 points James Suckling 2022<\/p>\n<p>\u27a1La Caprichosa Verdejo D.O. Rueda. Awards:<br \/>\n\u25cf 92 points Pe\u00f1\u00edn Guide 2023<br \/>\n\u25cf 90 points James Suckling Guide 2022<\/p>\n<p>\u27a1Se\u00f1or\u00edo de Sarri\u00e1 Vi\u00f1edo 5 . D.O. Navarra Awards:<br \/>\n\u25cf Gold Medal Grenaches du Monde 2022<br \/>\nBest Ros\u00e9 Wine in the D.O. Navarra Wines Selection 2022<\/p>\n","protected":false},"excerpt":{"rendered":"<div class=\"elementor-element elementor-element-c4c121e elementor-widget elementor-widget-shortcode\" data-id=\"c4c121e\" data-element_type=\"widget\" data-widget_type=\"shortcode.default\">\n<div class=\"elementor-widget-container\">\n<div class=\"elementor-shortcode\"><b>Vintage<\/b>: 2014, 2017, 2019<\/div>\n<\/div>\n<\/div>\n<div class=\"elementor-element elementor-element-70159c8c elementor-widget elementor-widget-woocommerce-product-short-description\" data-id=\"70159c8c\" data-element_type=\"widget\" data-widget_type=\"woocommerce-product-short-description.default\">\n<div class=\"elementor-widget-container\">\n<div class=\"woocommerce-product-details__short-description\">\n<p><b>Palacio de Bornos La Caprichosa. 100% Verdejo Vi\u00f1as Viejas. Aged on its lees. <\/b>Bright straw yellow colour, with greenish reflections. Intense and complex aroma, with notes of ripe white fruit and mineral hints. Fresh and frank in the mouth, with volume, smooth and persistent. <b>92 points Tim Atkin.<\/b><\/p>\n<p><b>Se\u00f1or\u00edo de Sarr\u00eda Vineyard n\u00ba5. 100% Garnacha Vi\u00f1as Viejas. <\/b>Crimson red colour. Intense aromas of strawberry candy, lychee, grapefruit and berries. Fresh and fruity palate, with a smooth and unctuous entry. Balanced, long and persistent. <b>Gold Medal Mundus Vini 2020. Gold Medal Berliner Wein Trophy 2020.<\/b><\/p>\n<p><b>Lleiroso Reserve. 100% Tempranillo. Aged for 15 months in French oak barrels. <\/b>Deep ruby red colour with garnet rim. Intense nose, with notes of toast and well-integrated ripe red fruit. Noble, ripe tannins on the palate, with volume and very good acidity. Long aftertaste. <b>Gold Medal Concours Mondial de Bruxelles. Gold Medal Mundus Vini. Gold Medal Challenge International du Vin.<\/b><\/p>\n<\/div>\n<\/div>\n<\/div>\n<div class=\"elementor-element elementor-element-30f41a2d elementor-add-to-cart-tablet--align-left elementor-add-to-cart--align-justify elementor-add-to-cart-mobile--align-justify elementor-widget elementor-widget-woocommerce-product-add-to-cart\" data-id=\"30f41a2d\" data-element_type=\"widget\" data-widget_type=\"woocommerce-product-add-to-cart.default\">\n<div class=\"elementor-widget-container\">\n<div class=\"elementor-add-to-cart elementor-product-simple\">\n<form class=\"cart\" action=\"https:\/\/www.clubbornos.com\/producto\/seleccion-2-estuche-3-bot\/\" enctype=\"multipart\/form-data\" method=\"post\">\n<div class=\"quantity\"><\/div>\n<\/form>\n<\/div>\n<\/div>\n<\/div>\n","protected":false},"featured_media":19375,"template":"","meta":{"rank_math_title":"","rank_math_description":"","rank_math_canonical_url":"","rank_math_focus_keyword":""},"pwb-brand":[403],"product_brand":[],"product_cat":[1051,1117,1053],"product_tag":[1453,1459],"class_list":{"0":"post-19374","1":"product","2":"type-product","3":"status-publish","4":"has-post-thumbnail","6":"pwb-brand-bornos","7":"product_cat-bodega-en","8":"product_cat-navarra-en","9":"product_cat-wines","10":"product_tag-bornos-en","11":"product_tag-senorio-de-sarria-en","13":"first","14":"instock","15":"taxable","16":"shipping-taxable","17":"purchasable","18":"product-type-simple"},"brands":[{"id":403,"name":"Bornos","slug":"bornos"}],"_links":{"self":[{"href":"https:\/\/tuvinogourmet.es\/en\/wp-json\/wp\/v2\/product\/19374","targetHints":{"allow":["GET"]}}],"collection":[{"href":"https:\/\/tuvinogourmet.es\/en\/wp-json\/wp\/v2\/product"}],"about":[{"href":"https:\/\/tuvinogourmet.es\/en\/wp-json\/wp\/v2\/types\/product"}],"version-history":[{"count":0,"href":"https:\/\/tuvinogourmet.es\/en\/wp-json\/wp\/v2\/product\/19374\/revisions"}],"wp:featuredmedia":[{"embeddable":true,"href":"https:\/\/tuvinogourmet.es\/en\/wp-json\/wp\/v2\/media\/19375"}],"wp:attachment":[{"href":"https:\/\/tuvinogourmet.es\/en\/wp-json\/wp\/v2\/media?parent=19374"}],"wp:term":[{"taxonomy":"pwb-brand","embeddable":true,"href":"https:\/\/tuvinogourmet.es\/en\/wp-json\/wp\/v2\/pwb-brand?post=19374"},{"taxonomy":"product_brand","embeddable":true,"href":"https:\/\/tuvinogourmet.es\/en\/wp-json\/wp\/v2\/product_brand?post=19374"},{"taxonomy":"product_cat","embeddable":true,"href":"https:\/\/tuvinogourmet.es\/en\/wp-json\/wp\/v2\/product_cat?post=19374"},{"taxonomy":"product_tag","embeddable":true,"href":"https:\/\/tuvinogourmet.es\/en\/wp-json\/wp\/v2\/product_tag?post=19374"}],"curies":[{"name":"wp","href":"https:\/\/api.w.org\/{rel}","templated":true}]}}