{"id":19396,"date":"2021-09-21T13:36:13","date_gmt":"2021-09-21T11:36:13","guid":{"rendered":"https:\/\/tuvinogourmet.es\/tienda\/selection-6-case-of-3-bot-palacio-de-bornos-verdejo-senorio-de-sarria-rose-and-senorio-de-sarria-reserva\/"},"modified":"2021-09-21T13:36:13","modified_gmt":"2021-09-21T11:36:13","slug":"seleccion-2-estuche-3-bot","status":"publish","type":"product","link":"https:\/\/tuvinogourmet.es\/en\/producto\/seleccion-2-estuche-3-bot\/","title":{"rendered":"Selection 6 &#8211; Case of 3 bot. (Palacio de Bornos Verdejo, Se\u00f1or\u00edo de Sarr\u00eda Ros\u00e9 and Se\u00f1or\u00edo de Sarr\u00eda Reserva)"},"content":{"rendered":"","protected":false},"excerpt":{"rendered":"<div class=\"elementor-element elementor-element-c4c121e elementor-widget elementor-widget-shortcode\" data-id=\"c4c121e\" data-element_type=\"widget\" data-widget_type=\"shortcode.default\">\n<div class=\"elementor-widget-container\">\n<div class=\"elementor-shortcode\">\n<div class=\"elementor-element elementor-element-c4c121e elementor-widget elementor-widget-shortcode\" data-id=\"c4c121e\" data-element_type=\"widget\" data-widget_type=\"shortcode.default\">\n<div class=\"elementor-widget-container\">\n<div class=\"elementor-shortcode\">\n<p><b>Vintage<\/b>: 2015, 2020<\/p>\n<p><b>Palacio de Bornos Verdejo. <\/b>Pale yellow colour with greenish tones. Intense floral aroma. Fresh acidity and fruity notes on the palate. <strong>Vintage 2020<\/strong><b>. Gold Medal Mundus Vini 2020. <\/b><\/p>\n<p><b>Se\u00f1or\u00edo de Sarr\u00eda Ros\u00e9. <\/b>Pale, clean and bright lavender pink colour. Fresh nose with notes of red fruit, grapefruit, lychee and attractive floral background of roses. Fresh and fruity on the palate, with a long and vibrant finish. <b>Vintage 2020.<\/b><\/p>\n<p><b>Se\u00f1or\u00edo de Sarr\u00eda Reserva. <\/b>Bigarreau cherry red colour. Intense aroma, with notes of vanilla, cinnamon, toast and spices. Powerful, tasty, structured and complex in the mouth, with well-integrated wood. <strong>Vintage 2015. Gold Medal Mundus Vini 2020, Best Red Reserva D.O. Navarra Awards. <\/strong><\/p>\n<\/div>\n<\/div>\n<\/div>\n<\/div>\n<\/div>\n<\/div>\n","protected":false},"featured_media":19397,"template":"","meta":{"rank_math_title":"","rank_math_description":"","rank_math_canonical_url":"","rank_math_focus_keyword":""},"pwb-brand":[403],"product_brand":[],"product_cat":[1051,1117,1118,1053],"product_tag":[1453,1459],"class_list":{"0":"post-19396","1":"product","2":"type-product","3":"status-publish","4":"has-post-thumbnail","6":"pwb-brand-bornos","7":"product_cat-bodega-en","8":"product_cat-navarra-en","9":"product_cat-ribera-en","10":"product_cat-wines","11":"product_tag-bornos-en","12":"product_tag-senorio-de-sarria-en","14":"first","15":"outofstock","16":"taxable","17":"shipping-taxable","18":"purchasable","19":"product-type-simple"},"brands":[{"id":403,"name":"Bornos","slug":"bornos"}],"_links":{"self":[{"href":"https:\/\/tuvinogourmet.es\/en\/wp-json\/wp\/v2\/product\/19396","targetHints":{"allow":["GET"]}}],"collection":[{"href":"https:\/\/tuvinogourmet.es\/en\/wp-json\/wp\/v2\/product"}],"about":[{"href":"https:\/\/tuvinogourmet.es\/en\/wp-json\/wp\/v2\/types\/product"}],"version-history":[{"count":0,"href":"https:\/\/tuvinogourmet.es\/en\/wp-json\/wp\/v2\/product\/19396\/revisions"}],"wp:featuredmedia":[{"embeddable":true,"href":"https:\/\/tuvinogourmet.es\/en\/wp-json\/wp\/v2\/media\/19397"}],"wp:attachment":[{"href":"https:\/\/tuvinogourmet.es\/en\/wp-json\/wp\/v2\/media?parent=19396"}],"wp:term":[{"taxonomy":"pwb-brand","embeddable":true,"href":"https:\/\/tuvinogourmet.es\/en\/wp-json\/wp\/v2\/pwb-brand?post=19396"},{"taxonomy":"product_brand","embeddable":true,"href":"https:\/\/tuvinogourmet.es\/en\/wp-json\/wp\/v2\/product_brand?post=19396"},{"taxonomy":"product_cat","embeddable":true,"href":"https:\/\/tuvinogourmet.es\/en\/wp-json\/wp\/v2\/product_cat?post=19396"},{"taxonomy":"product_tag","embeddable":true,"href":"https:\/\/tuvinogourmet.es\/en\/wp-json\/wp\/v2\/product_tag?post=19396"}],"curies":[{"name":"wp","href":"https:\/\/api.w.org\/{rel}","templated":true}]}}