{"id":19402,"date":"2021-03-25T17:30:05","date_gmt":"2021-03-25T16:30:05","guid":{"rendered":"https:\/\/tuvinogourmet.es\/tienda\/senorio-de-sarria-rose-box-of-6-units\/"},"modified":"2021-03-25T17:30:05","modified_gmt":"2021-03-25T16:30:05","slug":"senorio-de-sarria-rose","status":"publish","type":"product","link":"https:\/\/tuvinogourmet.es\/en\/producto\/senorio-de-sarria-rose\/","title":{"rendered":"SE\u00d1OR\u00cdO DE SARR\u00cdA ROS\u00c9 | BOX OF 6 UNITS"},"content":{"rendered":"","protected":false},"excerpt":{"rendered":"<p>Pale lavender pink, clean and bright. Fresh on the nose, with notes of red fruit, grapefruit, lychee and attractive floral background of roses. Fresh and fruity on the palate, with a long and vibrant finish.<\/p>\n<p>BOX OF 6 BOTTLES<\/p>\n","protected":false},"featured_media":18799,"template":"","meta":{"rank_math_title":"","rank_math_description":"","rank_math_canonical_url":"","rank_math_focus_keyword":""},"pwb-brand":[403],"product_brand":[],"product_cat":[1051,1117,1053],"product_tag":[1453,1459],"class_list":{"0":"post-19402","1":"product","2":"type-product","3":"status-publish","4":"has-post-thumbnail","6":"pwb-brand-bornos","7":"product_cat-bodega-en","8":"product_cat-navarra-en","9":"product_cat-wines","10":"product_tag-bornos-en","11":"product_tag-senorio-de-sarria-en","13":"first","14":"instock","15":"taxable","16":"shipping-taxable","17":"purchasable","18":"product-type-simple"},"brands":[{"id":403,"name":"Bornos","slug":"bornos"}],"_links":{"self":[{"href":"https:\/\/tuvinogourmet.es\/en\/wp-json\/wp\/v2\/product\/19402","targetHints":{"allow":["GET"]}}],"collection":[{"href":"https:\/\/tuvinogourmet.es\/en\/wp-json\/wp\/v2\/product"}],"about":[{"href":"https:\/\/tuvinogourmet.es\/en\/wp-json\/wp\/v2\/types\/product"}],"version-history":[{"count":0,"href":"https:\/\/tuvinogourmet.es\/en\/wp-json\/wp\/v2\/product\/19402\/revisions"}],"wp:featuredmedia":[{"embeddable":true,"href":"https:\/\/tuvinogourmet.es\/en\/wp-json\/wp\/v2\/media\/18799"}],"wp:attachment":[{"href":"https:\/\/tuvinogourmet.es\/en\/wp-json\/wp\/v2\/media?parent=19402"}],"wp:term":[{"taxonomy":"pwb-brand","embeddable":true,"href":"https:\/\/tuvinogourmet.es\/en\/wp-json\/wp\/v2\/pwb-brand?post=19402"},{"taxonomy":"product_brand","embeddable":true,"href":"https:\/\/tuvinogourmet.es\/en\/wp-json\/wp\/v2\/product_brand?post=19402"},{"taxonomy":"product_cat","embeddable":true,"href":"https:\/\/tuvinogourmet.es\/en\/wp-json\/wp\/v2\/product_cat?post=19402"},{"taxonomy":"product_tag","embeddable":true,"href":"https:\/\/tuvinogourmet.es\/en\/wp-json\/wp\/v2\/product_tag?post=19402"}],"curies":[{"name":"wp","href":"https:\/\/api.w.org\/{rel}","templated":true}]}}