{"id":19423,"date":"2021-03-25T17:50:14","date_gmt":"2021-03-25T16:50:14","guid":{"rendered":"https:\/\/tuvinogourmet.es\/tienda\/senorio-de-sarria-vinedo-uno-box-6-units\/"},"modified":"2021-03-25T17:50:14","modified_gmt":"2021-03-25T16:50:14","slug":"categoria-senorio-de-sarria-senorio-de-sarria-vinedo-sotes","status":"publish","type":"product","link":"https:\/\/tuvinogourmet.es\/en\/producto\/categoria-senorio-de-sarria-senorio-de-sarria-vinedo-sotes\/","title":{"rendered":"SE\u00d1OR\u00cdO DE SARR\u00cdA VI\u00d1EDO UNO| BOX 6 UNITS"},"content":{"rendered":"","protected":false},"excerpt":{"rendered":"<p>Medium-high cherry red colour. Complex and elegant aroma of black fruits and balsamic. Palate with pleasant notes of wood and spicy, toasted and chocolate tones. <strong>Gold Medal Mundus Vini.<\/strong><\/p>\n<p>BOX OF 6 BOTTLES<\/p>\n","protected":false},"featured_media":18796,"template":"","meta":{"rank_math_title":"","rank_math_description":"","rank_math_canonical_url":"","rank_math_focus_keyword":""},"pwb-brand":[403],"product_brand":[],"product_cat":[1051,1117,1053],"product_tag":[1453,1459],"class_list":{"0":"post-19423","1":"product","2":"type-product","3":"status-publish","4":"has-post-thumbnail","6":"pwb-brand-bornos","7":"product_cat-bodega-en","8":"product_cat-navarra-en","9":"product_cat-wines","10":"product_tag-bornos-en","11":"product_tag-senorio-de-sarria-en","13":"first","14":"instock","15":"taxable","16":"shipping-taxable","17":"purchasable","18":"product-type-simple"},"brands":[{"id":403,"name":"Bornos","slug":"bornos"}],"_links":{"self":[{"href":"https:\/\/tuvinogourmet.es\/en\/wp-json\/wp\/v2\/product\/19423","targetHints":{"allow":["GET"]}}],"collection":[{"href":"https:\/\/tuvinogourmet.es\/en\/wp-json\/wp\/v2\/product"}],"about":[{"href":"https:\/\/tuvinogourmet.es\/en\/wp-json\/wp\/v2\/types\/product"}],"version-history":[{"count":0,"href":"https:\/\/tuvinogourmet.es\/en\/wp-json\/wp\/v2\/product\/19423\/revisions"}],"wp:featuredmedia":[{"embeddable":true,"href":"https:\/\/tuvinogourmet.es\/en\/wp-json\/wp\/v2\/media\/18796"}],"wp:attachment":[{"href":"https:\/\/tuvinogourmet.es\/en\/wp-json\/wp\/v2\/media?parent=19423"}],"wp:term":[{"taxonomy":"pwb-brand","embeddable":true,"href":"https:\/\/tuvinogourmet.es\/en\/wp-json\/wp\/v2\/pwb-brand?post=19423"},{"taxonomy":"product_brand","embeddable":true,"href":"https:\/\/tuvinogourmet.es\/en\/wp-json\/wp\/v2\/product_brand?post=19423"},{"taxonomy":"product_cat","embeddable":true,"href":"https:\/\/tuvinogourmet.es\/en\/wp-json\/wp\/v2\/product_cat?post=19423"},{"taxonomy":"product_tag","embeddable":true,"href":"https:\/\/tuvinogourmet.es\/en\/wp-json\/wp\/v2\/product_tag?post=19423"}],"curies":[{"name":"wp","href":"https:\/\/api.w.org\/{rel}","templated":true}]}}