{"id":19424,"date":"2021-03-25T17:47:57","date_gmt":"2021-03-25T16:47:57","guid":{"rendered":"https:\/\/tuvinogourmet.es\/tienda\/senorio-de-sarria-vinedo-cinco-garnacha-vinas-viejas-box-of-6-pcs\/"},"modified":"2021-03-25T17:47:57","modified_gmt":"2021-03-25T16:47:57","slug":"senorio-de-sarria-vinedo-cinco-vinas-viejas","status":"publish","type":"product","link":"https:\/\/tuvinogourmet.es\/en\/producto\/senorio-de-sarria-vinedo-cinco-vinas-viejas\/","title":{"rendered":"Se\u00f1or\u00edo de Sarria Vi\u00f1edo Cinco Garnacha Vi\u00f1as Viejas | Box of 6 pcs."},"content":{"rendered":"<p><strong>Tasting notes:<\/strong><\/p>\n<p>Colour: Crimson red<\/p>\n<p>Aroma: Powerful, fragrant and fresh. Intense aromas of wild berries (redcurrant, raspberry, cherry), strawberry candy, lychee and grapefruit with a floral finish (violets).<\/p>\n<p>In the mouth: very intense, flavoursome and fresh. Ripe forest fruits with milky tones. With good structure, volume and length.<\/p>\n<p>Serving temperature: 6-8\u00baC<\/p>\n<p>Food pairing: rice dishes, pasta, vegetables and white meats. Contains sulphites<\/p>\n<p><strong>Awards: <\/strong><\/p>\n<p>Best Ros\u00e9 at the Best Wines of Navarra 2022 awards.<\/p>\n<p>Gold Medal MundusVini2020<\/p>\n<p>Gold Medal BerlinerWeinTrophy202020<\/p>\n<p>Gold Medal Challenge International du Vin2014<\/p>\n<p>Silver Medal International WineChallenge2014<\/p>\n<p>Silver Medal ConcoursMondial de Bruxelles2014<\/p>\n<p>Best Ros\u00e9 in Spain Golden Nose 2013<\/p>\n<p>Gold Medal SommelierWineAwards2011<\/p>\n<p>Silver Medal ChallengeInternational du Vin2010<\/p>\n<p>&nbsp;<\/p>\n","protected":false},"excerpt":{"rendered":"<p>Vineyard Cinco Garnacha Vi\u00f1as Viejas 2021.<\/p>\n<p>D.O. Navarra- elected best ros\u00e9 of this D.O.<\/p>\n<p>Vintage 2021<\/p>\n<p><strong>Best Ros\u00e9 in the Best Wines of Navarra D.O. Awards 2022. <\/strong><\/p>\n<p>BOX OF 6 BOTTLES<\/p>\n","protected":false},"featured_media":18780,"template":"","meta":{"rank_math_title":"Se\u00f1or\u00edo de Sarria Vi\u00f1edo Cinco Garnacha Vi\u00f1as Viejas","rank_math_description":"Se\u00f1or\u00edo de Sarria Vi\u00f1edo Cinco Garnacha Vi\u00f1as Viejas. Best ros\u00e9 wine in the Best Wines of Navarra D.O. 2022- Vintage 2021 awards.","rank_math_canonical_url":"","rank_math_focus_keyword":"Se\u00f1or\u00edo de Sarria Vi\u00f1edo Cinco Garnacha Vi\u00f1as Viejas"},"pwb-brand":[403],"product_brand":[],"product_cat":[1051,1117,1053],"product_tag":[1483,1453,1482,1459],"class_list":{"0":"post-19424","1":"product","2":"type-product","3":"status-publish","4":"has-post-thumbnail","6":"pwb-brand-bornos","7":"product_cat-bodega-en","8":"product_cat-navarra-en","9":"product_cat-wines","10":"product_tag-award-winning-wine","11":"product_tag-bornos-en","12":"product_tag-rose-wine","13":"product_tag-senorio-de-sarria-en","15":"first","16":"instock","17":"taxable","18":"shipping-taxable","19":"purchasable","20":"product-type-simple"},"brands":[{"id":403,"name":"Bornos","slug":"bornos"}],"_links":{"self":[{"href":"https:\/\/tuvinogourmet.es\/en\/wp-json\/wp\/v2\/product\/19424","targetHints":{"allow":["GET"]}}],"collection":[{"href":"https:\/\/tuvinogourmet.es\/en\/wp-json\/wp\/v2\/product"}],"about":[{"href":"https:\/\/tuvinogourmet.es\/en\/wp-json\/wp\/v2\/types\/product"}],"version-history":[{"count":0,"href":"https:\/\/tuvinogourmet.es\/en\/wp-json\/wp\/v2\/product\/19424\/revisions"}],"wp:featuredmedia":[{"embeddable":true,"href":"https:\/\/tuvinogourmet.es\/en\/wp-json\/wp\/v2\/media\/18780"}],"wp:attachment":[{"href":"https:\/\/tuvinogourmet.es\/en\/wp-json\/wp\/v2\/media?parent=19424"}],"wp:term":[{"taxonomy":"pwb-brand","embeddable":true,"href":"https:\/\/tuvinogourmet.es\/en\/wp-json\/wp\/v2\/pwb-brand?post=19424"},{"taxonomy":"product_brand","embeddable":true,"href":"https:\/\/tuvinogourmet.es\/en\/wp-json\/wp\/v2\/product_brand?post=19424"},{"taxonomy":"product_cat","embeddable":true,"href":"https:\/\/tuvinogourmet.es\/en\/wp-json\/wp\/v2\/product_cat?post=19424"},{"taxonomy":"product_tag","embeddable":true,"href":"https:\/\/tuvinogourmet.es\/en\/wp-json\/wp\/v2\/product_tag?post=19424"}],"curies":[{"name":"wp","href":"https:\/\/api.w.org\/{rel}","templated":true}]}}