{"id":19425,"date":"2021-03-25T17:45:10","date_gmt":"2021-03-25T16:45:10","guid":{"rendered":"https:\/\/tuvinogourmet.es\/tienda\/senorio-de-sarria-moscatel-box-of-6-units\/"},"modified":"2021-03-25T17:45:10","modified_gmt":"2021-03-25T16:45:10","slug":"senorio-de-sarria-moscatel","status":"publish","type":"product","link":"https:\/\/tuvinogourmet.es\/en\/producto\/senorio-de-sarria-moscatel\/","title":{"rendered":"SE\u00d1OR\u00cdO DE SARR\u00cdA MOSCATEL | BOX OF 6 UNITS"},"content":{"rendered":"","protected":false},"excerpt":{"rendered":"<p>Straw yellow colour. Intense, gourmand nose, with notes of honey, acacia, white flowers and lemon peel. Intense and tasty attack. Excellent acidity balanced by sweetness. <strong>Best Sweet White Wine Best Wines of Navarra D.O. Competition.<\/strong><strong> <\/strong><strong><a href=\"http:\/\/www.bornosbodegas.com\/wp-content\/uploads\/2019\/04\/FT-SENORIO-DE-SARRIA-Moscatel-2017.pdf\" target=\"_blank\" rel=\"noopener noreferrer\">See technical sheet<\/a><\/strong><\/p>\n<p>BOX OF 6 BOTTLES<\/p>\n","protected":false},"featured_media":17857,"template":"","meta":{"rank_math_title":"","rank_math_description":"","rank_math_canonical_url":"","rank_math_focus_keyword":""},"pwb-brand":[403],"product_brand":[],"product_cat":[1051,1117,1053],"product_tag":[1453,1459],"class_list":{"0":"post-19425","1":"product","2":"type-product","3":"status-publish","4":"has-post-thumbnail","6":"pwb-brand-bornos","7":"product_cat-bodega-en","8":"product_cat-navarra-en","9":"product_cat-wines","10":"product_tag-bornos-en","11":"product_tag-senorio-de-sarria-en","13":"first","14":"instock","15":"taxable","16":"shipping-taxable","17":"purchasable","18":"product-type-simple"},"brands":[{"id":403,"name":"Bornos","slug":"bornos"}],"_links":{"self":[{"href":"https:\/\/tuvinogourmet.es\/en\/wp-json\/wp\/v2\/product\/19425","targetHints":{"allow":["GET"]}}],"collection":[{"href":"https:\/\/tuvinogourmet.es\/en\/wp-json\/wp\/v2\/product"}],"about":[{"href":"https:\/\/tuvinogourmet.es\/en\/wp-json\/wp\/v2\/types\/product"}],"version-history":[{"count":0,"href":"https:\/\/tuvinogourmet.es\/en\/wp-json\/wp\/v2\/product\/19425\/revisions"}],"wp:featuredmedia":[{"embeddable":true,"href":"https:\/\/tuvinogourmet.es\/en\/wp-json\/wp\/v2\/media\/17857"}],"wp:attachment":[{"href":"https:\/\/tuvinogourmet.es\/en\/wp-json\/wp\/v2\/media?parent=19425"}],"wp:term":[{"taxonomy":"pwb-brand","embeddable":true,"href":"https:\/\/tuvinogourmet.es\/en\/wp-json\/wp\/v2\/pwb-brand?post=19425"},{"taxonomy":"product_brand","embeddable":true,"href":"https:\/\/tuvinogourmet.es\/en\/wp-json\/wp\/v2\/product_brand?post=19425"},{"taxonomy":"product_cat","embeddable":true,"href":"https:\/\/tuvinogourmet.es\/en\/wp-json\/wp\/v2\/product_cat?post=19425"},{"taxonomy":"product_tag","embeddable":true,"href":"https:\/\/tuvinogourmet.es\/en\/wp-json\/wp\/v2\/product_tag?post=19425"}],"curies":[{"name":"wp","href":"https:\/\/api.w.org\/{rel}","templated":true}]}}