{"id":19585,"date":"2021-09-22T13:02:03","date_gmt":"2021-09-22T11:02:03","guid":{"rendered":"https:\/\/tuvinogourmet.es\/tienda\/selection-of-121-foie-and-pate-delights-in-mini-format-with-dessert-included\/"},"modified":"2021-09-22T13:02:03","modified_gmt":"2021-09-22T11:02:03","slug":"seleccion-de-121-delicias-de-foie-y-pate-en-formato-mini-con-postre-incluido","status":"publish","type":"product","link":"https:\/\/tuvinogourmet.es\/en\/producto\/seleccion-de-121-delicias-de-foie-y-pate-en-formato-mini-con-postre-incluido\/","title":{"rendered":"Selection of 12+1 foie and p\u00e2t\u00e9 delights in mini format with dessert included."},"content":{"rendered":"","protected":false},"excerpt":{"rendered":"<p>This pack has been specially composed by \u00cdberos Gourmet so that you can try them all and select the ones you like the most:<\/p>\n<table style=\"height: 447px;\" width=\"363\">\n<tbody>\n<tr>\n<td width=\"292\">Bloc of duck foie gras 95 g<\/td>\n<\/tr>\n<tr>\n<td>Foie Mousse (50% Foie Gras) 95 g<\/td>\n<\/tr>\n<tr>\n<td>P\u00e2t\u00e9 de Lechazo Churro P\u00e2t\u00e9 95 g<\/td>\n<\/tr>\n<tr>\n<td>Palencia Mountain Trout Mousse 95 g<\/td>\n<\/tr>\n<tr>\n<td>Piglet P\u00e2t\u00e9 95 g<\/td>\n<\/tr>\n<tr>\n<td>Ostrich P\u00e2t\u00e9 95 g<\/td>\n<\/tr>\n<tr>\n<td>Duck Rillettes with Foie 95 g<\/td>\n<\/tr>\n<tr>\n<td>Duck Rillettes 90 g<\/td>\n<\/tr>\n<tr>\n<td>Foie Parfait (75% Foie Gras) 95 g<\/td>\n<\/tr>\n<tr>\n<td>Duck Mousse with Cognac 95 g<\/td>\n<\/tr>\n<tr>\n<td>Green Pepper Duck Mousse 95 g<\/td>\n<\/tr>\n<tr>\n<td>Duck Mousse with Pomace 95 g<\/td>\n<\/tr>\n<tr>\n<td>Foie Filled Bonbon in a box of 9 units<\/td>\n<\/tr>\n<\/tbody>\n<\/table>\n","protected":false},"featured_media":19539,"template":"","meta":{"rank_math_title":"","rank_math_description":"","rank_math_canonical_url":"","rank_math_focus_keyword":""},"pwb-brand":[657],"product_brand":[],"product_cat":[1049],"product_tag":[1513],"class_list":{"0":"post-19585","1":"product","2":"type-product","3":"status-publish","4":"has-post-thumbnail","6":"pwb-brand-selectos-de-castilla","7":"product_cat-gifts","8":"product_tag-selectos-de-castilla-en","10":"first","11":"instock","12":"taxable","13":"shipping-taxable","14":"purchasable","15":"product-type-simple"},"brands":[{"id":657,"name":"Selectos de Castilla","slug":"selectos-de-castilla"}],"_links":{"self":[{"href":"https:\/\/tuvinogourmet.es\/en\/wp-json\/wp\/v2\/product\/19585","targetHints":{"allow":["GET"]}}],"collection":[{"href":"https:\/\/tuvinogourmet.es\/en\/wp-json\/wp\/v2\/product"}],"about":[{"href":"https:\/\/tuvinogourmet.es\/en\/wp-json\/wp\/v2\/types\/product"}],"version-history":[{"count":0,"href":"https:\/\/tuvinogourmet.es\/en\/wp-json\/wp\/v2\/product\/19585\/revisions"}],"wp:featuredmedia":[{"embeddable":true,"href":"https:\/\/tuvinogourmet.es\/en\/wp-json\/wp\/v2\/media\/19539"}],"wp:attachment":[{"href":"https:\/\/tuvinogourmet.es\/en\/wp-json\/wp\/v2\/media?parent=19585"}],"wp:term":[{"taxonomy":"pwb-brand","embeddable":true,"href":"https:\/\/tuvinogourmet.es\/en\/wp-json\/wp\/v2\/pwb-brand?post=19585"},{"taxonomy":"product_brand","embeddable":true,"href":"https:\/\/tuvinogourmet.es\/en\/wp-json\/wp\/v2\/product_brand?post=19585"},{"taxonomy":"product_cat","embeddable":true,"href":"https:\/\/tuvinogourmet.es\/en\/wp-json\/wp\/v2\/product_cat?post=19585"},{"taxonomy":"product_tag","embeddable":true,"href":"https:\/\/tuvinogourmet.es\/en\/wp-json\/wp\/v2\/product_tag?post=19585"}],"curies":[{"name":"wp","href":"https:\/\/api.w.org\/{rel}","templated":true}]}}