{"id":19953,"date":"2023-06-01T20:33:09","date_gmt":"2023-06-01T18:33:09","guid":{"rendered":"https:\/\/tuvinogourmet.es\/tienda\/foie-and-pedro-ximenez-textures\/"},"modified":"2023-06-01T20:33:09","modified_gmt":"2023-06-01T18:33:09","slug":"texturas-de-foie-y-pedro-ximenez","status":"publish","type":"product","link":"https:\/\/tuvinogourmet.es\/en\/producto\/texturas-de-foie-y-pedro-ximenez\/","title":{"rendered":"foie and Pedro Ximenez textures"},"content":{"rendered":"<p>The <strong>perfect combination for gourmets and delicatessen gifts<\/strong>, three 130 g Malvasia foie gras of the highest quality, combined with a sweet Pedro Xim\u00e9nez, perfect to accompany our foie, such as Xim\u00e9nez-Sp\u00ednola Delicado, presented in a beautiful box.<\/p>\n<p>The ideal gourmet gift for foodies!<\/p>\n<p>Contains:<\/p>\n<p>* A bottle of <strong>Xim\u00e9nez-Sp\u00ednola Delicado<\/strong>, Xim\u00e9nez-Sp\u00ednola, D.O. Jerez-X\u00e9r\u00e8s-Sherry.<\/p>\n<p>It is a very elegant and elegant sweet wine; &#8220;Essence of fruit with the soul of French oak&#8230;&#8221;.<\/p>\n<p>On the nose, fruity aromas (peach, apricot and ripe plum) evolve and change to pear and green apple.<\/p>\n<p>balanced and powerful, with many nuances. Long, delicious, light, fruity and pleasant finish.<\/p>\n<p>&nbsp;<\/p>\n<p>* Bloc de Foie Gras, 130 g<\/p>\n<p>* Parfait de Foie, 130 g<\/p>\n<p>* Foie Mousse with Truffle, 130 g<\/p>\n<p>&nbsp;<\/p>\n<p>A gastronomic experience!<\/p>\n<p>&nbsp;<\/p>\n<p><strong>Additional information<\/strong><\/p>\n<p>This <strong>product is part of the List of Gluten-Free Foods<\/strong> published by the Spanish Federation of Coeliac Associations.<\/p>\n","protected":false},"excerpt":{"rendered":"<p>Boxed set consisting of:<\/p>\n<p>* Bloc de Foie Gras Malvas\u00eda130 g<\/p>\n<p>* Parfait de Foie Malvas\u00eda 130 g<\/p>\n<p>* Foie Mousse with Malvasia Truffle 130 g<\/p>\n<p>* A bottle of <strong>Xim\u00e9nez-Sp\u00ednola Delicado<\/strong>, Xim\u00e9nez-Sp\u00ednola, D.O. Jerez-X\u00e9r\u00e8s-Sherry.<\/p>\n","protected":false},"featured_media":19858,"template":"","meta":{"rank_math_title":"","rank_math_description":"","rank_math_canonical_url":"","rank_math_focus_keyword":""},"pwb-brand":[614],"product_brand":[],"product_cat":[1049,1096],"product_tag":[1168,1589,1490],"class_list":{"0":"post-19953","1":"product","2":"type-product","3":"status-publish","4":"has-post-thumbnail","6":"pwb-brand-malvasia","7":"product_cat-gifts","8":"product_cat-lots","9":"product_tag-foie-en","10":"product_tag-foie-gras","11":"product_tag-pedro-ximenez-en","13":"first","14":"instock","15":"taxable","16":"shipping-taxable","17":"purchasable","18":"product-type-simple"},"brands":[{"id":614,"name":"Malvas\u00eda","slug":"malvasia"}],"_links":{"self":[{"href":"https:\/\/tuvinogourmet.es\/en\/wp-json\/wp\/v2\/product\/19953","targetHints":{"allow":["GET"]}}],"collection":[{"href":"https:\/\/tuvinogourmet.es\/en\/wp-json\/wp\/v2\/product"}],"about":[{"href":"https:\/\/tuvinogourmet.es\/en\/wp-json\/wp\/v2\/types\/product"}],"version-history":[{"count":0,"href":"https:\/\/tuvinogourmet.es\/en\/wp-json\/wp\/v2\/product\/19953\/revisions"}],"wp:featuredmedia":[{"embeddable":true,"href":"https:\/\/tuvinogourmet.es\/en\/wp-json\/wp\/v2\/media\/19858"}],"wp:attachment":[{"href":"https:\/\/tuvinogourmet.es\/en\/wp-json\/wp\/v2\/media?parent=19953"}],"wp:term":[{"taxonomy":"pwb-brand","embeddable":true,"href":"https:\/\/tuvinogourmet.es\/en\/wp-json\/wp\/v2\/pwb-brand?post=19953"},{"taxonomy":"product_brand","embeddable":true,"href":"https:\/\/tuvinogourmet.es\/en\/wp-json\/wp\/v2\/product_brand?post=19953"},{"taxonomy":"product_cat","embeddable":true,"href":"https:\/\/tuvinogourmet.es\/en\/wp-json\/wp\/v2\/product_cat?post=19953"},{"taxonomy":"product_tag","embeddable":true,"href":"https:\/\/tuvinogourmet.es\/en\/wp-json\/wp\/v2\/product_tag?post=19953"}],"curies":[{"name":"wp","href":"https:\/\/api.w.org\/{rel}","templated":true}]}}